{"id":329,"date":"2018-08-27T09:25:15","date_gmt":"2018-08-27T09:25:15","guid":{"rendered":"https:\/\/www.business-market.ch\/?page_id=329"},"modified":"2025-10-06T11:35:55","modified_gmt":"2025-10-06T09:35:55","slug":"contatto","status":"publish","type":"page","link":"https:\/\/www.business-market.ch\/it\/contact\/","title":{"rendered":"Contattaci"},"content":{"rendered":"\t\t<div data-elementor-type=\"wp-post\" data-elementor-id=\"329\" class=\"elementor elementor-329\" data-elementor-post-type=\"page\">\n\t\t\t\t\t\t<section class=\"elementor-section elementor-top-section elementor-element elementor-element-da926ae elementor-section-boxed elementor-section-height-default elementor-section-height-default rt-parallax-bg-no\" data-id=\"da926ae\" data-element_type=\"section\" data-e-type=\"section\">\n\t\t\t\t\t\t<div class=\"elementor-container elementor-column-gap-default\">\n\t\t\t\t\t<div class=\"elementor-column elementor-col-50 elementor-top-column elementor-element elementor-element-1d73f94\" data-id=\"1d73f94\" data-element_type=\"column\" data-e-type=\"column\" data-settings=\"{&quot;background_background&quot;:&quot;classic&quot;}\">\n\t\t\t<div class=\"elementor-widget-wrap elementor-element-populated\">\n\t\t\t\t\t\t<div class=\"elementor-element elementor-element-2a7b201 elementor-widget elementor-widget-heading\" data-id=\"2a7b201\" data-element_type=\"widget\" data-e-type=\"widget\" data-widget_type=\"heading.default\">\n\t\t\t\t\t<h2 class=\"elementor-heading-title elementor-size-default\">Informations<\/h2>\t\t\t\t<\/div>\n\t\t\t\t<div class=\"elementor-element elementor-element-a76ae99 elementor-widget elementor-widget-text-editor\" data-id=\"a76ae99\" data-element_type=\"widget\" data-e-type=\"widget\" data-widget_type=\"text-editor.default\">\n\t\t\t\t\t\t\t\t\t<p>Vous avez des questions ou des suggestions ? Nous nous ferons un plaisir de vous aider. Contactez-nous simplement \u00e0 l&#8217;aide du formulaire de contact ou via l&#8217;une des options ci-dessous.<\/p><p><strong>Si vous vous int\u00e9ressez \u00e0 une annonce en particulier, adressez-vous directement \u00e0 l&#8217;annonceur. Vous trouverez ses coordonn\u00e9es dans l&#8217;annonce.<\/strong><\/p>\t\t\t\t\t\t\t\t<\/div>\n\t\t\t\t<div class=\"elementor-element elementor-element-092bfa2 elementor-align-start elementor-mobile-align-center elementor-icon-list--layout-traditional elementor-list-item-link-full_width elementor-widget elementor-widget-icon-list\" data-id=\"092bfa2\" data-element_type=\"widget\" data-e-type=\"widget\" data-widget_type=\"icon-list.default\">\n\t\t\t\t\t\t\t<ul class=\"elementor-icon-list-items\">\n\t\t\t\t\t\t\t<li class=\"elementor-icon-list-item\">\n\t\t\t\t\t\t\t\t\t\t\t<a href=\"tel:+41215391019\">\n\n\t\t\t\t\t\t\t\t\t\t\t\t<span class=\"elementor-icon-list-icon\">\n\t\t\t\t\t\t\t<svg aria-hidden=\"true\" class=\"e-font-icon-svg e-fas-phone\" viewBox=\"0 0 512 512\" xmlns=\"http:\/\/www.w3.org\/2000\/svg\"><path d=\"M493.4 24.6l-104-24c-11.3-2.6-22.9 3.3-27.5 13.9l-48 112c-4.2 9.8-1.4 21.3 6.9 28l60.6 49.6c-36 76.7-98.9 140.5-177.2 177.2l-49.6-60.6c-6.8-8.3-18.2-11.1-28-6.9l-112 48C3.9 366.5-2 378.1.6 389.4l24 104C27.1 504.2 36.7 512 48 512c256.1 0 464-207.5 464-464 0-11.2-7.7-20.9-18.6-23.4z\"><\/path><\/svg>\t\t\t\t\t\t<\/span>\n\t\t\t\t\t\t\t\t\t\t<span class=\"elementor-icon-list-text\">+41 21 539 10 19<\/span>\n\t\t\t\t\t\t\t\t\t\t\t<\/a>\n\t\t\t\t\t\t\t\t\t<\/li>\n\t\t\t\t\t\t\t\t<li class=\"elementor-icon-list-item\">\n\t\t\t\t\t\t\t\t\t\t\t<a href=\"mailto:contact@business-market.ch\">\n\n\t\t\t\t\t\t\t\t\t\t\t\t<span class=\"elementor-icon-list-icon\">\n\t\t\t\t\t\t\t<svg aria-hidden=\"true\" class=\"e-font-icon-svg e-far-envelope\" viewBox=\"0 0 512 512\" xmlns=\"http:\/\/www.w3.org\/2000\/svg\"><path d=\"M464 64H48C21.49 64 0 85.49 0 112v288c0 26.51 21.49 48 48 48h416c26.51 0 48-21.49 48-48V112c0-26.51-21.49-48-48-48zm0 48v40.805c-22.422 18.259-58.168 46.651-134.587 106.49-16.841 13.247-50.201 45.072-73.413 44.701-23.208.375-56.579-31.459-73.413-44.701C106.18 199.465 70.425 171.067 48 152.805V112h416zM48 400V214.398c22.914 18.251 55.409 43.862 104.938 82.646 21.857 17.205 60.134 55.186 103.062 54.955 42.717.231 80.509-37.199 103.053-54.947 49.528-38.783 82.032-64.401 104.947-82.653V400H48z\"><\/path><\/svg>\t\t\t\t\t\t<\/span>\n\t\t\t\t\t\t\t\t\t\t<span class=\"elementor-icon-list-text\">contact@business-market.ch<\/span>\n\t\t\t\t\t\t\t\t\t\t\t<\/a>\n\t\t\t\t\t\t\t\t\t<\/li>\n\t\t\t\t\t\t\t\t<li class=\"elementor-icon-list-item\">\n\t\t\t\t\t\t\t\t\t\t\t<a href=\"https:\/\/maps.app.goo.gl\/gNFWtxtbppsqWyZR8\" target=\"_blank\">\n\n\t\t\t\t\t\t\t\t\t\t\t\t<span class=\"elementor-icon-list-icon\">\n\t\t\t\t\t\t\t<svg aria-hidden=\"true\" class=\"e-font-icon-svg e-fas-map-marker-alt\" viewBox=\"0 0 384 512\" xmlns=\"http:\/\/www.w3.org\/2000\/svg\"><path d=\"M172.268 501.67C26.97 291.031 0 269.413 0 192 0 85.961 85.961 0 192 0s192 85.961 192 192c0 77.413-26.97 99.031-172.268 309.67-9.535 13.774-29.93 13.773-39.464 0zM192 272c44.183 0 80-35.817 80-80s-35.817-80-80-80-80 35.817-80 80 35.817 80 80 80z\"><\/path><\/svg>\t\t\t\t\t\t<\/span>\n\t\t\t\t\t\t\t\t\t\t<span class=\"elementor-icon-list-text\">G\u00e9n\u00e9ral-Guisan 30B, 1800 Vevey<\/span>\n\t\t\t\t\t\t\t\t\t\t\t<\/a>\n\t\t\t\t\t\t\t\t\t<\/li>\n\t\t\t\t\t\t\t\t<li class=\"elementor-icon-list-item\">\n\t\t\t\t\t\t\t\t\t\t\t<span class=\"elementor-icon-list-icon\">\n\t\t\t\t\t\t\t<svg aria-hidden=\"true\" class=\"e-font-icon-svg e-far-clock\" viewBox=\"0 0 512 512\" xmlns=\"http:\/\/www.w3.org\/2000\/svg\"><path d=\"M256 8C119 8 8 119 8 256s111 248 248 248 248-111 248-248S393 8 256 8zm0 448c-110.5 0-200-89.5-200-200S145.5 56 256 56s200 89.5 200 200-89.5 200-200 200zm61.8-104.4l-84.9-61.7c-3.1-2.3-4.9-5.9-4.9-9.7V116c0-6.6 5.4-12 12-12h32c6.6 0 12 5.4 12 12v141.7l66.8 48.6c5.4 3.9 6.5 11.4 2.6 16.8L334.6 349c-3.9 5.3-11.4 6.5-16.8 2.6z\"><\/path><\/svg>\t\t\t\t\t\t<\/span>\n\t\t\t\t\t\t\t\t\t\t<span class=\"elementor-icon-list-text\">Lu - Ve : 09:00- 12:00 et 13:00-16:00<\/span>\n\t\t\t\t\t\t\t\t\t<\/li>\n\t\t\t\t\t\t<\/ul>\n\t\t\t\t\t\t<\/div>\n\t\t\t\t\t<\/div>\n\t\t<\/div>\n\t\t\t\t<div class=\"elementor-column elementor-col-50 elementor-top-column elementor-element elementor-element-5d86b42\" data-id=\"5d86b42\" data-element_type=\"column\" data-e-type=\"column\" data-settings=\"{&quot;background_background&quot;:&quot;classic&quot;}\">\n\t\t\t<div class=\"elementor-widget-wrap elementor-element-populated\">\n\t\t\t\t\t\t<div class=\"elementor-element elementor-element-abfc7c3 elementor-widget elementor-widget-heading\" data-id=\"abfc7c3\" data-element_type=\"widget\" data-e-type=\"widget\" data-widget_type=\"heading.default\">\n\t\t\t\t\t<h2 class=\"elementor-heading-title elementor-size-default\">Envoyez-nous un message<\/h2>\t\t\t\t<\/div>\n\t\t\t\t<div class=\"elementor-element elementor-element-1dddfb3 elementor-button-align-start elementor-widget elementor-widget-form\" data-id=\"1dddfb3\" data-element_type=\"widget\" data-e-type=\"widget\" data-settings=\"{&quot;step_next_label&quot;:&quot;Suivant&quot;,&quot;step_previous_label&quot;:&quot;Pr\\u00e9c\\u00e9dent&quot;,&quot;button_width&quot;:&quot;100&quot;,&quot;step_type&quot;:&quot;number_text&quot;,&quot;step_icon_shape&quot;:&quot;circle&quot;}\" data-widget_type=\"form.default\">\n\t\t\t\t\t\t\t<form class=\"elementor-form\" method=\"post\" name=\"Contact\" aria-label=\"Contact\">\n\t\t\t<input type=\"hidden\" name=\"post_id\" value=\"329\"\/>\n\t\t\t<input type=\"hidden\" name=\"form_id\" value=\"1dddfb3\"\/>\n\t\t\t<input type=\"hidden\" name=\"referer_title\" value=\"Contact - Business Market le site d&#039;annonces d&#039;entreprises \u00e0 vendre\" \/>\n\n\t\t\t\t\t\t\t<input type=\"hidden\" name=\"queried_id\" value=\"329\"\/>\n\t\t\t\n\t\t\t<div class=\"elementor-form-fields-wrapper elementor-labels-above\">\n\t\t\t\t\t\t\t\t<div class=\"elementor-field-type-select elementor-field-group elementor-column elementor-field-group-motif_contact elementor-col-100 elementor-field-required\">\n\t\t\t\t\t\t\t\t\t\t\t\t<label for=\"form-field-motif_contact\" class=\"elementor-field-label\">\n\t\t\t\t\t\t\t\tMotif du contact\t\t\t\t\t\t\t<\/label>\n\t\t\t\t\t\t\t\t<div class=\"elementor-field elementor-select-wrapper remove-before \">\n\t\t\t<div class=\"select-caret-down-wrapper\">\n\t\t\t\t<svg aria-hidden=\"true\" class=\"e-font-icon-svg e-eicon-caret-down\" viewBox=\"0 0 571.4 571.4\" xmlns=\"http:\/\/www.w3.org\/2000\/svg\"><path d=\"M571 393Q571 407 561 418L311 668Q300 679 286 679T261 668L11 418Q0 407 0 393T11 368 36 357H536Q550 357 561 368T571 393Z\"><\/path><\/svg>\t\t\t<\/div>\n\t\t\t<select name=\"form_fields[motif_contact]\" id=\"form-field-motif_contact\" class=\"elementor-field-textual elementor-size-sm\" required=\"required\">\n\t\t\t\t\t\t\t\t\t<option value=\"\"><\/option>\n\t\t\t\t\t\t\t\t\t<option value=\"Connexion et compte\">Connexion et compte<\/option>\n\t\t\t\t\t\t\t\t\t<option value=\"Publier une annonce\">Publier une annonce<\/option>\n\t\t\t\t\t\t\t\t\t<option value=\"Modifier une annonce\">Modifier une annonce<\/option>\n\t\t\t\t\t\t\t\t\t<option value=\"Supprimer une annonce\">Supprimer une annonce<\/option>\n\t\t\t\t\t\t\t\t\t<option value=\"Format image ou vid\u00e9o\">Format image ou vid\u00e9o<\/option>\n\t\t\t\t\t\t\t\t\t<option value=\"Produits, prix et conditions\">Produits, prix et conditions<\/option>\n\t\t\t\t\t\t\t\t\t<option value=\"Abonnement &quot;Pack Business&quot;\">Abonnement &quot;Pack Business&quot;<\/option>\n\t\t\t\t\t\t\t\t\t<option value=\"Paiement et facture\">Paiement et facture<\/option>\n\t\t\t\t\t\t\t\t\t<option value=\"Erreur sur le site web\">Erreur sur le site web<\/option>\n\t\t\t\t\t\t\t\t\t<option value=\"Erreur sur l&#039;application\">Erreur sur l&#039;application<\/option>\n\t\t\t\t\t\t\t\t\t<option value=\"Annonce suspect\">Annonce suspect<\/option>\n\t\t\t\t\t\t\t\t\t<option value=\"Tentative de d\u00e9marchage\">Tentative de d\u00e9marchage<\/option>\n\t\t\t\t\t\t\t\t\t<option value=\"Correction de vos donn\u00e9es\">Correction de vos donn\u00e9es<\/option>\n\t\t\t\t\t\t\t\t\t<option value=\"Suppression de vos donn\u00e9es\">Suppression de vos donn\u00e9es<\/option>\n\t\t\t\t\t\t\t\t\t<option value=\"Suppression de votre compte\">Suppression de votre compte<\/option>\n\t\t\t\t\t\t\t\t\t<option value=\"Autre motif\">Autre motif<\/option>\n\t\t\t\t\t\t\t<\/select>\n\t\t<\/div>\n\t\t\t\t\t\t<\/div>\n\t\t\t\t\t\t\t\t<div class=\"elementor-field-type-select elementor-field-group elementor-column elementor-field-group-civilite elementor-col-40 elementor-field-required\">\n\t\t\t\t\t\t\t\t\t\t\t\t<label for=\"form-field-civilite\" class=\"elementor-field-label\">\n\t\t\t\t\t\t\t\tCivilit\u00e9\t\t\t\t\t\t\t<\/label>\n\t\t\t\t\t\t\t\t<div class=\"elementor-field elementor-select-wrapper remove-before \">\n\t\t\t<div class=\"select-caret-down-wrapper\">\n\t\t\t\t<svg aria-hidden=\"true\" class=\"e-font-icon-svg e-eicon-caret-down\" viewBox=\"0 0 571.4 571.4\" xmlns=\"http:\/\/www.w3.org\/2000\/svg\"><path d=\"M571 393Q571 407 561 418L311 668Q300 679 286 679T261 668L11 418Q0 407 0 393T11 368 36 357H536Q550 357 561 368T571 393Z\"><\/path><\/svg>\t\t\t<\/div>\n\t\t\t<select name=\"form_fields[civilite]\" id=\"form-field-civilite\" class=\"elementor-field-textual elementor-size-sm\" required=\"required\">\n\t\t\t\t\t\t\t\t\t<option value=\"\"><\/option>\n\t\t\t\t\t\t\t\t\t<option value=\"Madame\">Madame<\/option>\n\t\t\t\t\t\t\t\t\t<option value=\"Monsieur\">Monsieur<\/option>\n\t\t\t\t\t\t\t<\/select>\n\t\t<\/div>\n\t\t\t\t\t\t<\/div>\n\t\t\t\t\t\t\t\t<div class=\"elementor-field-type-text elementor-field-group elementor-column elementor-field-group-nom elementor-col-60 elementor-field-required\">\n\t\t\t\t\t\t\t\t\t\t\t\t<label for=\"form-field-nom\" class=\"elementor-field-label\">\n\t\t\t\t\t\t\t\tNom\t\t\t\t\t\t\t<\/label>\n\t\t\t\t\t\t\t\t\t\t\t\t\t\t<input size=\"1\" type=\"text\" name=\"form_fields[nom]\" id=\"form-field-nom\" class=\"elementor-field elementor-size-sm  elementor-field-textual\" required=\"required\">\n\t\t\t\t\t\t\t\t\t\t\t<\/div>\n\t\t\t\t\t\t\t\t<div class=\"elementor-field-type-email elementor-field-group elementor-column elementor-field-group-email elementor-col-100 elementor-field-required\">\n\t\t\t\t\t\t\t\t\t\t\t\t<label for=\"form-field-email\" class=\"elementor-field-label\">\n\t\t\t\t\t\t\t\tE-mail\t\t\t\t\t\t\t<\/label>\n\t\t\t\t\t\t\t\t\t\t\t\t\t\t<input size=\"1\" type=\"email\" name=\"form_fields[email]\" id=\"form-field-email\" class=\"elementor-field elementor-size-sm  elementor-field-textual\" required=\"required\">\n\t\t\t\t\t\t\t\t\t\t\t<\/div>\n\t\t\t\t\t\t\t\t<div class=\"elementor-field-type-textarea elementor-field-group elementor-column elementor-field-group-message elementor-col-100 elementor-field-required\">\n\t\t\t\t\t\t\t\t\t\t\t\t<label for=\"form-field-message\" class=\"elementor-field-label\">\n\t\t\t\t\t\t\t\tMessage\t\t\t\t\t\t\t<\/label>\n\t\t\t\t\t\t<textarea class=\"elementor-field-textual elementor-field  elementor-size-sm\" name=\"form_fields[message]\" id=\"form-field-message\" rows=\"3\" required=\"required\"><\/textarea>\t\t\t\t<\/div>\n\t\t\t\t\t\t\t\t<div class=\"elementor-field-type-acceptance elementor-field-group elementor-column elementor-field-group-disclaimer elementor-col-100\">\n\t\t\t\t\t\t\t<div class=\"elementor-field-subgroup\">\n\t\t\t<span class=\"elementor-field-option\">\n\t\t\t\t<input type=\"checkbox\" name=\"form_fields[disclaimer]\" id=\"form-field-disclaimer\" class=\"elementor-field elementor-size-sm  elementor-acceptance-field\">\n\t\t\t\t<label for=\"form-field-disclaimer\"> Je confirme avoir lu les <u><a href=\"https:\/\/www.business-market.ch\/protection-des-donnees\/\" target=\"_blank\">informations juridiques<\/a><\/u> dans leur int\u00e9gralit\u00e9 et d\u00e9clare les accepter en tous points.<\/label>\t\t\t<\/span>\n\t\t<\/div>\n\t\t\t\t\t\t<\/div>\n\t\t\t\t\t\t\t\t<div class=\"elementor-field-type-text\">\n\t\t\t\t\t<input size=\"1\" type=\"text\" name=\"form_fields[prenom]\" id=\"form-field-prenom\" class=\"elementor-field elementor-size-sm \" style=\"display:none !important;\">\t\t\t\t<\/div>\n\t\t\t\t\t\t\t\t<div class=\"elementor-field-group elementor-column elementor-field-type-submit elementor-col-100 e-form__buttons\">\n\t\t\t\t\t<button class=\"elementor-button elementor-size-sm\" type=\"submit\">\n\t\t\t\t\t\t<span class=\"elementor-button-content-wrapper\">\n\t\t\t\t\t\t\t\t\t\t\t\t\t\t\t<span class=\"elementor-button-icon\">\n\t\t\t\t\t\t\t\t\t<svg aria-hidden=\"true\" class=\"e-font-icon-svg e-fas-arrow-right\" viewBox=\"0 0 448 512\" xmlns=\"http:\/\/www.w3.org\/2000\/svg\"><path d=\"M190.5 66.9l22.2-22.2c9.4-9.4 24.6-9.4 33.9 0L441 239c9.4 9.4 9.4 24.6 0 33.9L246.6 467.3c-9.4 9.4-24.6 9.4-33.9 0l-22.2-22.2c-9.5-9.5-9.3-25 .4-34.3L311.4 296H24c-13.3 0-24-10.7-24-24v-32c0-13.3 10.7-24 24-24h287.4L190.9 101.2c-9.8-9.3-10-24.8-.4-34.3z\"><\/path><\/svg>\t\t\t\t\t\t\t\t\t\t\t\t\t\t\t\t\t<\/span>\n\t\t\t\t\t\t\t\t\t\t\t\t\t\t\t\t\t\t\t\t\t\t<span class=\"elementor-button-text\">Envoyer<\/span>\n\t\t\t\t\t\t\t\t\t\t\t\t\t<\/span>\n\t\t\t\t\t<\/button>\n\t\t\t\t<\/div>\n\t\t\t<\/div>\n\t\t<\/form>\n\t\t\t\t\t\t<\/div>\n\t\t\t\t\t<\/div>\n\t\t<\/div>\n\t\t\t\t\t<\/div>\n\t\t<\/section>\n\t\t\t\t<\/div>\n\t\t","protected":false},"excerpt":{"rendered":"<p>Informazioni Hai domande o suggerimenti? Saremo lieti di aiutarti. Contattaci semplicemente tramite il modulo di contatto o tramite una delle opzioni seguenti. Se sei interessato a un annuncio specifico, contatta direttamente l&#039;inserzionista. Troverai i suoi recapiti nell&#039;annuncio. +41 21 539 10 19<\/p>","protected":false},"author":10,"featured_media":3659,"parent":0,"menu_order":0,"comment_status":"closed","ping_status":"closed","template":"templates\/blank.php","meta":{"_rtcl_gb_attr":"","footnotes":""},"class_list":["post-329","page","type-page","status-publish","has-post-thumbnail","hentry"],"yoast_head":"<!-- This site is optimized with the Yoast SEO plugin v27.4 - https:\/\/yoast.com\/product\/yoast-seo-wordpress\/ -->\n<title>Contact - Business Market le site d&#039;annonces d&#039;entreprises \u00e0 vendre<\/title>\n<meta name=\"description\" content=\"Page de contact pour toutes questions li\u00e9es aux services propos\u00e9s sur la plateforme des annonces d&#039;entreprises \u00e0 vendre de Business Market.\" \/>\n<meta name=\"robots\" content=\"index, follow, max-snippet:-1, max-image-preview:large, max-video-preview:-1\" \/>\n<link rel=\"canonical\" href=\"https:\/\/www.business-market.ch\/it\/contatto\/\" \/>\n<meta property=\"og:locale\" content=\"it_IT\" \/>\n<meta property=\"og:type\" content=\"article\" \/>\n<meta property=\"og:title\" content=\"Contact - Business Market le site d&#039;annonces d&#039;entreprises \u00e0 vendre\" \/>\n<meta property=\"og:description\" content=\"Page de contact pour toutes questions li\u00e9es aux services propos\u00e9s sur la plateforme des annonces d&#039;entreprises \u00e0 vendre de Business Market.\" \/>\n<meta property=\"og:url\" content=\"https:\/\/www.business-market.ch\/it\/contatto\/\" \/>\n<meta property=\"og:site_name\" content=\"Business Market\" \/>\n<meta property=\"article:modified_time\" content=\"2025-10-06T09:35:55+00:00\" \/>\n<meta property=\"og:image\" content=\"https:\/\/www.business-market.ch\/wp-content\/uploads\/2024\/11\/Contact_Entreprise-a-vendre_IMA.webp\" \/>\n\t<meta property=\"og:image:width\" content=\"1200\" \/>\n\t<meta property=\"og:image:height\" content=\"900\" \/>\n\t<meta property=\"og:image:type\" content=\"image\/webp\" \/>\n<meta name=\"twitter:card\" content=\"summary_large_image\" \/>\n<meta name=\"twitter:label1\" content=\"Tempo di lettura stimato\" \/>\n\t<meta name=\"twitter:data1\" content=\"1 minuto\" \/>\n<script type=\"application\/ld+json\" class=\"yoast-schema-graph\">{\"@context\":\"https:\\\/\\\/schema.org\",\"@graph\":[{\"@type\":\"WebPage\",\"@id\":\"https:\\\/\\\/www.business-market.ch\\\/contact\\\/\",\"url\":\"https:\\\/\\\/www.business-market.ch\\\/contact\\\/\",\"name\":\"Contact - Business Market le site d'annonces d'entreprises \u00e0 vendre\",\"isPartOf\":{\"@id\":\"https:\\\/\\\/www.business-market.ch\\\/#website\"},\"primaryImageOfPage\":{\"@id\":\"https:\\\/\\\/www.business-market.ch\\\/contact\\\/#primaryimage\"},\"image\":{\"@id\":\"https:\\\/\\\/www.business-market.ch\\\/contact\\\/#primaryimage\"},\"thumbnailUrl\":\"https:\\\/\\\/www.business-market.ch\\\/wp-content\\\/uploads\\\/2024\\\/11\\\/Contact_Entreprise-a-vendre_IMA.webp\",\"datePublished\":\"2018-08-27T09:25:15+00:00\",\"dateModified\":\"2025-10-06T09:35:55+00:00\",\"description\":\"Page de contact pour toutes questions li\u00e9es aux services propos\u00e9s sur la plateforme des annonces d'entreprises \u00e0 vendre de Business Market.\",\"breadcrumb\":{\"@id\":\"https:\\\/\\\/www.business-market.ch\\\/contact\\\/#breadcrumb\"},\"inLanguage\":\"it-IT\",\"potentialAction\":[{\"@type\":\"ReadAction\",\"target\":[\"https:\\\/\\\/www.business-market.ch\\\/contact\\\/\"]}]},{\"@type\":\"ImageObject\",\"inLanguage\":\"it-IT\",\"@id\":\"https:\\\/\\\/www.business-market.ch\\\/contact\\\/#primaryimage\",\"url\":\"https:\\\/\\\/www.business-market.ch\\\/wp-content\\\/uploads\\\/2024\\\/11\\\/Contact_Entreprise-a-vendre_IMA.webp\",\"contentUrl\":\"https:\\\/\\\/www.business-market.ch\\\/wp-content\\\/uploads\\\/2024\\\/11\\\/Contact_Entreprise-a-vendre_IMA.webp\",\"width\":1200,\"height\":900,\"caption\":\"Entreprise \u00e0 vendre\"},{\"@type\":\"BreadcrumbList\",\"@id\":\"https:\\\/\\\/www.business-market.ch\\\/contact\\\/#breadcrumb\",\"itemListElement\":[{\"@type\":\"ListItem\",\"position\":1,\"name\":\"Accueil\",\"item\":\"https:\\\/\\\/www.business-market.ch\\\/\"},{\"@type\":\"ListItem\",\"position\":2,\"name\":\"Contactez-nous\"}]},{\"@type\":\"WebSite\",\"@id\":\"https:\\\/\\\/www.business-market.ch\\\/#website\",\"url\":\"https:\\\/\\\/www.business-market.ch\\\/\",\"name\":\"Business Market\",\"description\":\"Entreprises \u00e0 vendre\",\"publisher\":{\"@id\":\"https:\\\/\\\/www.business-market.ch\\\/#organization\"},\"alternateName\":\"Business Market\",\"potentialAction\":[{\"@type\":\"SearchAction\",\"target\":{\"@type\":\"EntryPoint\",\"urlTemplate\":\"https:\\\/\\\/www.business-market.ch\\\/?s={search_term_string}\"},\"query-input\":{\"@type\":\"PropertyValueSpecification\",\"valueRequired\":true,\"valueName\":\"search_term_string\"}}],\"inLanguage\":\"it-IT\"},{\"@type\":\"Organization\",\"@id\":\"https:\\\/\\\/www.business-market.ch\\\/#organization\",\"name\":\"Business Market\",\"alternateName\":\"Business Market\",\"url\":\"https:\\\/\\\/www.business-market.ch\\\/\",\"logo\":{\"@type\":\"ImageObject\",\"inLanguage\":\"it-IT\",\"@id\":\"https:\\\/\\\/www.business-market.ch\\\/#\\\/schema\\\/logo\\\/image\\\/\",\"url\":\"https:\\\/\\\/www.business-market.ch\\\/wp-content\\\/uploads\\\/2024\\\/11\\\/BM-Logo_Blanc_Footer_250x75.webp\",\"contentUrl\":\"https:\\\/\\\/www.business-market.ch\\\/wp-content\\\/uploads\\\/2024\\\/11\\\/BM-Logo_Blanc_Footer_250x75.webp\",\"width\":250,\"height\":75,\"caption\":\"Business Market\"},\"image\":{\"@id\":\"https:\\\/\\\/www.business-market.ch\\\/#\\\/schema\\\/logo\\\/image\\\/\"}}]}<\/script>\n<!-- \/ Yoast SEO plugin. -->","yoast_head_json":{"title":"Contatti - Business Market, il sito di annunci per attivit\u00e0 in vendita","description":"Pagina di contatto per qualsiasi domanda relativa ai servizi offerti sulla piattaforma di Business Market per attivit\u00e0 in vendita.","robots":{"index":"index","follow":"follow","max-snippet":"max-snippet:-1","max-image-preview":"max-image-preview:large","max-video-preview":"max-video-preview:-1"},"canonical":"https:\/\/www.business-market.ch\/it\/contatto\/","og_locale":"it_IT","og_type":"article","og_title":"Contact - Business Market le site d'annonces d'entreprises \u00e0 vendre","og_description":"Page de contact pour toutes questions li\u00e9es aux services propos\u00e9s sur la plateforme des annonces d'entreprises \u00e0 vendre de Business Market.","og_url":"https:\/\/www.business-market.ch\/it\/contatto\/","og_site_name":"Business Market","article_modified_time":"2025-10-06T09:35:55+00:00","og_image":[{"width":1200,"height":900,"url":"https:\/\/www.business-market.ch\/wp-content\/uploads\/2024\/11\/Contact_Entreprise-a-vendre_IMA.webp","type":"image\/webp"}],"twitter_card":"summary_large_image","twitter_misc":{"Tempo di lettura stimato":"1 minuto"},"schema":{"@context":"https:\/\/schema.org","@graph":[{"@type":"WebPage","@id":"https:\/\/www.business-market.ch\/contact\/","url":"https:\/\/www.business-market.ch\/contact\/","name":"Contatti - Business Market, il sito di annunci per attivit\u00e0 in vendita","isPartOf":{"@id":"https:\/\/www.business-market.ch\/#website"},"primaryImageOfPage":{"@id":"https:\/\/www.business-market.ch\/contact\/#primaryimage"},"image":{"@id":"https:\/\/www.business-market.ch\/contact\/#primaryimage"},"thumbnailUrl":"https:\/\/www.business-market.ch\/wp-content\/uploads\/2024\/11\/Contact_Entreprise-a-vendre_IMA.webp","datePublished":"2018-08-27T09:25:15+00:00","dateModified":"2025-10-06T09:35:55+00:00","description":"Pagina di contatto per qualsiasi domanda relativa ai servizi offerti sulla piattaforma di Business Market per attivit\u00e0 in vendita.","breadcrumb":{"@id":"https:\/\/www.business-market.ch\/contact\/#breadcrumb"},"inLanguage":"it-IT","potentialAction":[{"@type":"ReadAction","target":["https:\/\/www.business-market.ch\/contact\/"]}]},{"@type":"ImageObject","inLanguage":"it-IT","@id":"https:\/\/www.business-market.ch\/contact\/#primaryimage","url":"https:\/\/www.business-market.ch\/wp-content\/uploads\/2024\/11\/Contact_Entreprise-a-vendre_IMA.webp","contentUrl":"https:\/\/www.business-market.ch\/wp-content\/uploads\/2024\/11\/Contact_Entreprise-a-vendre_IMA.webp","width":1200,"height":900,"caption":"Entreprise \u00e0 vendre"},{"@type":"BreadcrumbList","@id":"https:\/\/www.business-market.ch\/contact\/#breadcrumb","itemListElement":[{"@type":"ListItem","position":1,"name":"Accueil","item":"https:\/\/www.business-market.ch\/"},{"@type":"ListItem","position":2,"name":"Contactez-nous"}]},{"@type":"WebSite","@id":"https:\/\/www.business-market.ch\/#website","url":"https:\/\/www.business-market.ch\/","name":"Business Market","description":"aziende in vendita","publisher":{"@id":"https:\/\/www.business-market.ch\/#organization"},"alternateName":"Business Market","potentialAction":[{"@type":"SearchAction","target":{"@type":"EntryPoint","urlTemplate":"https:\/\/www.business-market.ch\/?s={search_term_string}"},"query-input":{"@type":"PropertyValueSpecification","valueRequired":true,"valueName":"search_term_string"}}],"inLanguage":"it-IT"},{"@type":"Organization","@id":"https:\/\/www.business-market.ch\/#organization","name":"Business Market","alternateName":"Business Market","url":"https:\/\/www.business-market.ch\/","logo":{"@type":"ImageObject","inLanguage":"it-IT","@id":"https:\/\/www.business-market.ch\/#\/schema\/logo\/image\/","url":"https:\/\/www.business-market.ch\/wp-content\/uploads\/2024\/11\/BM-Logo_Blanc_Footer_250x75.webp","contentUrl":"https:\/\/www.business-market.ch\/wp-content\/uploads\/2024\/11\/BM-Logo_Blanc_Footer_250x75.webp","width":250,"height":75,"caption":"Business Market"},"image":{"@id":"https:\/\/www.business-market.ch\/#\/schema\/logo\/image\/"}}]}},"_links":{"self":[{"href":"https:\/\/www.business-market.ch\/it\/wp-json\/wp\/v2\/pages\/329","targetHints":{"allow":["GET"]}}],"collection":[{"href":"https:\/\/www.business-market.ch\/it\/wp-json\/wp\/v2\/pages"}],"about":[{"href":"https:\/\/www.business-market.ch\/it\/wp-json\/wp\/v2\/types\/page"}],"author":[{"embeddable":true,"href":"https:\/\/www.business-market.ch\/it\/wp-json\/wp\/v2\/users\/10"}],"replies":[{"embeddable":true,"href":"https:\/\/www.business-market.ch\/it\/wp-json\/wp\/v2\/comments?post=329"}],"version-history":[{"count":3,"href":"https:\/\/www.business-market.ch\/it\/wp-json\/wp\/v2\/pages\/329\/revisions"}],"predecessor-version":[{"id":9135,"href":"https:\/\/www.business-market.ch\/it\/wp-json\/wp\/v2\/pages\/329\/revisions\/9135"}],"wp:featuredmedia":[{"embeddable":true,"href":"https:\/\/www.business-market.ch\/it\/wp-json\/wp\/v2\/media\/3659"}],"wp:attachment":[{"href":"https:\/\/www.business-market.ch\/it\/wp-json\/wp\/v2\/media?parent=329"}],"curies":[{"name":"parola chiave","href":"https:\/\/api.w.org\/{rel}","templated":true}]}}