{"id":8,"date":"2018-07-06T09:38:50","date_gmt":"2018-07-06T09:38:50","guid":{"rendered":"https:\/\/www.business-market.ch\/my-account\/"},"modified":"2024-12-15T11:24:01","modified_gmt":"2024-12-15T10:24:01","slug":"private-account","status":"publish","type":"page","link":"https:\/\/www.business-market.ch\/en\/compte-prive\/","title":{"rendered":"My account"},"content":{"rendered":"<div class=\"rtcl\">\n<div id=\"rtcl-user-login-wrapper\"\n\t class=\"have-registration-form\">\n\n\t\n\t<div class=\"rtcl-login-form-wrap\">\n\t\t<h2>Login<\/h2>\n\t\t<div class=\"rtcl-tab rtcl-tab-login\">\n\t\t\t\t\t\t<div class=\"rtcl-tab-content\">\n\t\t\t\t<div id=\"rtcl-email-login\" class=\"rtcl-tab-pane active\">\n\t<form id=\"rtcl-login-form\" class=\"form-horizontal\" method=\"post\" action=\"\">\n\t\t\t\t<div class=\"rtcl-form-group\">\n\t\t\t<label for=\"rtcl-user-login\" class=\"rtcl-field-label\">\n\t\t\t\tUsername or Email\t\t\t\t<strong class=\"rtcl-required\">*<\/strong>\n\t\t\t<\/label>\n\t\t\t<input type=\"text\" name=\"username\" autocomplete=\"username\"\n\t\t\t\t   value=\"\"\n\t\t\t\t   id=\"rtcl-user-login\" class=\"rtcl-form-control\" required>\n\t\t<\/div>\n\n\t\t<div class=\"rtcl-form-group\">\n\t\t\t<label for=\"rtcl-user-pass\" class=\"rtcl-field-label\">\n\t\t\t\tPassword\t\t\t\t<strong class=\"rtcl-required\">*<\/strong>\n\t\t\t<\/label>\n\t\t\t<div class=\"rtcl-user-pass-wrap\">\n\t\t\t\t<input type=\"password\" name=\"password\" id=\"rtcl-user-pass\" autocomplete=\"current-password\"\n\t\t\t\t\t   class=\"rtcl-form-control\" required>\n\t\t\t\t<span class=\"rtcl-toggle-pass rtcl-icon-eye-off\"><\/span>\n\t\t\t<\/div>\n\t\t<\/div>\n\n\t\t\n\t\t<div class=\"rtcl-form-group\">\n\t\t\t<div id=\"rtcl-login-g-recaptcha\"><\/div>\n\t\t\t<div id=\"rtcl-login-g-recaptcha-message\"><\/div>\n\t\t<\/div>\n\n\t\t<div class=\"rtcl-form-group rtcl-login-form-submit-wrap\">\n\n\t\t\t<button type=\"submit\" name=\"rtcl-login\" class=\"rtcl-btn\" value=\"login\">\n\t\t\t\tLogin\t\t\t<\/button>\n\t\t\t<div class=\"rtcl-checkbox-list\">\n\t\t\t\t<label class=\"rtcl-check\" for=\"rtcl-rememberme\">\n\t\t\t\t\t<input type=\"checkbox\" id=\"rtcl-rememberme\" name=\"rememberme\" value=\"forever\">\n\t\t\t\t\t<span class=\"rtcl-check-box\"><\/span>\n\t\t\t\t\t<span class=\"rtcl-check-label\">Remember Me<\/span>\n\t\t\t\t<\/label>\n\t\t\t<\/div>\n\t\t<\/div>\n\t\t<input type=\"hidden\" id=\"rtcl-login-nonce\" name=\"rtcl-login-nonce\" value=\"390b593bc8\" \/><input type=\"hidden\" name=\"_wp_http_referer\" value=\"\/en\/wp-json\/wp\/v2\/pages\/8\" \/><input type=\"hidden\" name=\"redirect_to\" value=\"https:\/\/www.business-market.ch\/en\/wp-json\/wp\/v2\/pages\/8\" \/>\t<input type=\"hidden\" name=\"trp-form-language\" value=\"en\"\/><\/form>\n\t\t\t<div class=\"rtcl-form-group-no-margin-bottom\">\n\t\t\t<p class=\"rtcl-forgot-password\">\n\t\t\t\t\t\t\t\t\t<a class=\"register-link\" href=\"https:\/\/www.business-market.ch\/en\/compte-prive\/\">Register<\/a><span>|<\/span>\n\t\t\t\t\t\t\t\t<a href=\"https:\/\/www.business-market.ch\/en\/compte-prive\/mot-de-passe-perdu\/\">Forgot your password?<\/a>\n\n\t\t\t<\/p>\n\t\t<\/div>\n\t\t<\/div>\t\t\t<\/div>\n\t\t<\/div>\n\t<\/div>\n\t\t\t<div class=\"rtcl-registration-form-wrap\">\n\n\t\t\t<h2>Register<\/h2>\n\n\t\t\t<form id=\"rtcl-register-form\" class=\"form-horizontal\" method=\"post\" action=\"\">\n\n\t\t\t\t\t\t<div class=\"rtcl-form-group phone-row\">\n\t\t\t\t\t\t<label for=\"rtcl-reg-phone\" class=\"rtcl-field-label phone-label\">\n\t\t\t\tPhone Number\t\t\t\t\t\t\t\t\t<strong class=\"rtcl-required\">*<\/strong>\n\t\t\t\t\t\t\t<\/label>\n\t\t\t<div class=\"rtcl-phone-field-button\">\n\t\t\t\t<input type=\"text\" name=\"phone\"\n\t\t\t\t\t   value=\"\"\n\t\t\t\t\t   id=\"rtcl-reg-phone\" class=\"rtcl-form-control\" required>\n\t\t\t\t            <div class=\"rtcl-country-wrapper\">\n                <input type=\"text\" id=\"rtcl-search-country\" class=\"rtcl-form-control\"\/>\n                <ul id=\"rtcl-country-list\">\n                    <li class='country-at' data-country-code='at' data-calling-code='+43'>Austria +43<\/li><li class='country-fr' data-country-code='fr' data-calling-code='+33'>France +33<\/li><li class='country-de' data-country-code='de' data-calling-code='+49'>Germany +49<\/li><li class='country-it' data-country-code='it' data-calling-code='+39'>Italy +39<\/li><li class='country-li' data-country-code='li' data-calling-code='+423'>Liechtenstein +423<\/li><li class='country-ch selected' data-country-code='ch' data-calling-code='+41'>Switzerland +41<\/li>                <\/ul>\n            <\/div>\n                    <div class=\"selected-country-flag unverified\">\n            <div class=\"flag-us\">\n                <div class=\"arrow-sign\"><\/div>\n            <\/div>\n        <\/div>\n                <button type=\"button\" id=\"send_otp\" class=\"rtcl-btn otp-btn\">\n            Send OTP        <\/button>\n        \t\t\t<\/div>\n\t\t\t        <span class=\"rtcl-phone-collapse\"><\/span>\n        <div class=\"rtcl-otp-verification\">\n            <div class=\"counter\">Resend available in<span><\/span>seconds<\/div>\n            <div id=\"rtcl-otp-recaptcha-container\"><\/div>\n            <div class=\"rtcl-form-group otp-row\">\n                <label for=\"rtcl-reg-otp\" class=\"rtcl-field-label\">\n                    OTP Code <strong class=\"rtcl-required\">*<\/strong>\n                <\/label>\n                <div class=\"otp-field\">\n                    <input type=\"number\" name=\"otp_code\" id=\"rtcl-reg-otp\"\n                           value=\"\"\n                           class=\"rtcl-form-control\" required>\n                    <button type=\"button\" id=\"verify_otp\"\n                            class=\"rtcl-btn verify-btn\">Verify OTP<\/button>\n                <\/div>\n            <\/div>\n        <\/div>\n        \t\t<\/div>\n\t\t\n\t\t\t\t<div class=\"rtcl-form-group\">\n\t\t\t\t\t<label for=\"rtcl-reg-username\" class=\"rtcl-field-label\">\n\t\t\t\t\t\tUsername\t\t\t\t\t\t<strong class=\"rtcl-required\">*<\/strong>\n\t\t\t\t\t<\/label>\n\t\t\t\t\t<input type=\"text\" name=\"username\"\n\t\t\t\t\t\t   value=\"\"\n\t\t\t\t\t\t   autocomplete=\"username\" id=\"rtcl-reg-username\" class=\"rtcl-form-control\" required>\n\t\t\t\t\t<span\n\t\t\t\t\t\tclass=\"help-block\">Username cannot be changed.<\/span>\n\t\t\t\t<\/div>\n\n\t\t\t\t<div class=\"rtcl-form-group\">\n\t\t\t\t\t<label for=\"rtcl-reg-email\" class=\"rtcl-field-label\">\n\t\t\t\t\t\tEmail address\t\t\t\t\t\t<strong class=\"rtcl-required\">*<\/strong>\n\t\t\t\t\t<\/label>\n\t\t\t\t\t<input type=\"email\" name=\"email\"\n\t\t\t\t\t\t   value=\"\"\n\t\t\t\t\t\t   autocomplete=\"email\" id=\"rtcl-reg-email\" class=\"rtcl-form-control\" required>\n\t\t\t\t<\/div>\n\n\t\t\t\t<div class=\"rtcl-form-group\">\n\t\t\t\t\t<label for=\"rtcl-reg-password\" class=\"rtcl-field-label\">\n\t\t\t\t\t\tPassword\t\t\t\t\t\t<strong class=\"rtcl-required\">*<\/strong>\n\t\t\t\t\t<\/label>\n\t\t\t\t\t<div class=\"rtcl-user-pass-wrap\">\n\t\t\t\t\t\t<input type=\"password\" name=\"password\" id=\"rtcl-reg-password\" autocomplete=\"new-password\"\n\t\t\t\t\t\t\t   class=\"rtcl-form-control rtcl-password\" required>\n\t\t\t\t\t\t<span class=\"rtcl-toggle-pass rtcl-icon-eye-off\"><\/span>\n\t\t\t\t\t<\/div>\n\t\t\t\t<\/div>\n\n\t\t\t\t<div class=\"rtcl-form-group\">\n\t\t\t\t\t<label for=\"rtcl-reg-confirm-password\" class=\"rtcl-field-label\">\n\t\t\t\t\t\tConfirm Password\t\t\t\t\t\t<strong class=\"rtcl-required\">*<\/strong>\n\t\t\t\t\t<\/label>\n\t\t\t\t\t<div class=\"confirm-password-wrap\">\n\t\t\t\t\t\t<div class=\"rtcl-user-pass-wrap\">\n\t\t\t\t\t\t\t<input type=\"password\" name=\"pass2\" id=\"rtcl-reg-confirm-password\" class=\"rtcl-form-control\"\n\t\t\t\t\t\t\t\t   autocomplete=\"off\"\n\t\t\t\t\t\t\t\t   data-rule-equalto=\"#rtcl-reg-password\"\n\t\t\t\t\t\t\t\t   data-msg-equalto=\"Password does not match.\"\n\t\t\t\t\t\t\t\t   required>\n\t\t\t\t\t\t\t<span class=\"rtcl-toggle-pass rtcl-icon-eye-off\"><\/span>\n\t\t\t\t\t\t<\/div>\n\t\t\t\t\t\t<span class=\"rtcl-checkmark\"><\/span>\n\t\t\t\t\t<\/div>\n\t\t\t\t<\/div>\n\n\t\t\t\t\n\t\t<div class=\"form-group rtcl-privacy-policy-wrap\">\n\t\t\t<div class=\"form-check\">\n\t\t\t\t<input id=\"rtcl-privacy-policy\" name=\"rtcl_privacy_policy\" type=\"checkbox\" class=\"form-check-input\"\n\t\t\t\t\t   required>\n\t\t\t\t<label class=\"rtcl-form-check-label\" for=\"rtcl-privacy-policy\">\n\t\t\t\t\t<p>I have read and accept <a href=\"https:\/\/www.business-market.ch\/en\/data-protection\/\" target=\"_blank\" rel=\"noopener noreferrer\">the data protection policy<\/a>. <\/p>\n<p>This site is protected by reCAPTCHA with Google technology. <a href=\"https:\/\/policies.google.com\/privacy\" target=\"_blank\" rel=\"noopener noreferrer\">Privacy Policy<\/a> and <a href=\"https:\/\/policies.google.com\/terms\" target=\"_blank\" rel=\"noopener noreferrer\">Terms of Use<\/a> Google&#039;s terms also apply.<\/p>\n\t\t\t\t<\/label>\n\t\t\t\t<div class=\"with-errors help-block\"\n\t\t\t\t\t data-error=\"This field is required\"><\/div>\n\t\t\t<\/div>\n\t\t<\/div>\n\t\t\n\t<div class=\"rtcl-registration-terms-conditions\">\n\t\t\t\t<div class=\"rtcl-form-group\">\n\t\t\t<div class=\"form-check\">\n\t\t\t\t<input type=\"checkbox\"\n\t\t\t\t\t   class=\"form-check-input\"\n\t\t\t\t\t   name=\"rtcl_terms_conditions\"\n\t\t\t\t\t   id=\"rtcl-terms-conditions\"\n\t\t\t\t\t   required\n\t\t\t\t\t\t\t\t\t>\n\t\t\t\t<label class=\"rtcl-form-check-label\" for=\"rtcl-terms-conditions\">\n\t\t\t\t\tI have read and accept <a href=\"https:\/\/www.business-market.ch\/en\/terms-and-conditions\/\" target=\"_blank\" rel=\"noopener noreferrer\">general conditions of use<\/a>.\t\t\t\t<\/label>\n\t\t\t\t<div class=\"with-errors help-block\"\n\t\t\t\t\t data-error=\"This field is required\"><\/div>\n\t\t\t<\/div>\n\t\t<\/div>\n\t<\/div>\n\t\n\t\t\t\t<div class=\"rtcl-form-group rtcl-form-group-no-margin-bottom\">\n\t\t\t\t\t<div id=\"rtcl-registration-g-recaptcha\"><\/div>\n\t\t\t\t\t<div id=\"rtcl-registration-g-recaptcha-message\"><\/div>\n\t\t\t\t\t<input type=\"submit\" name=\"rtcl-register\" class=\"rtcl-btn\"\n\t\t\t\t\t\t   value=\"Register\"\/>\n\t\t\t\t<\/div>\n\t\t\t\t<input type=\"hidden\" id=\"rtcl-register-nonce\" name=\"rtcl-register-nonce\" value=\"99c9adf9fd\" \/><input type=\"hidden\" name=\"_wp_http_referer\" value=\"\/en\/wp-json\/wp\/v2\/pages\/8\" \/><input type=\"hidden\" name=\"redirect_to\" value=\"https:\/\/www.business-market.ch\/en\/wp-json\/wp\/v2\/pages\/8\" \/>\t\t\t<input type=\"hidden\" name=\"trp-form-language\" value=\"en\"\/><\/form>\n\t\t<\/div>\n\t<\/div>\n<\/div>","protected":false},"excerpt":{"rendered":"","protected":false},"author":10,"featured_media":0,"parent":0,"menu_order":0,"comment_status":"closed","ping_status":"closed","template":"rtcl-canvas_template","meta":{"_rtcl_gb_attr":"","footnotes":""},"class_list":["post-8","page","type-page","status-publish","hentry"],"yoast_head":"<!-- This site is optimized with the Yoast SEO plugin v27.5 - https:\/\/yoast.com\/product\/yoast-seo-wordpress\/ -->\n<title>Acc\u00e9dez \u00e0 votre compte - Espace client Business Market<\/title>\n<meta name=\"description\" content=\"G\u00e9rez vos informations personnelles, suivez vos annonces et acc\u00e9dez \u00e0 vos services Business Market depuis votre espace s\u00e9curis\u00e9.\" \/>\n<meta name=\"robots\" content=\"index, follow, max-snippet:-1, max-image-preview:large, max-video-preview:-1\" \/>\n<link rel=\"canonical\" href=\"https:\/\/www.business-market.ch\/en\/private-account\/\" \/>\n<meta property=\"og:locale\" content=\"en_US\" \/>\n<meta property=\"og:type\" content=\"article\" \/>\n<meta property=\"og:title\" content=\"Acc\u00e9dez \u00e0 votre compte - Espace client Business Market\" \/>\n<meta property=\"og:description\" content=\"G\u00e9rez vos informations personnelles, suivez vos annonces et acc\u00e9dez \u00e0 vos services Business Market depuis votre espace s\u00e9curis\u00e9.\" \/>\n<meta property=\"og:url\" content=\"https:\/\/www.business-market.ch\/en\/private-account\/\" \/>\n<meta property=\"og:site_name\" content=\"Business Market\" \/>\n<meta property=\"article:modified_time\" content=\"2024-12-15T10:24:01+00:00\" \/>\n<meta property=\"og:image\" content=\"https:\/\/www.business-market.ch\/wp-content\/uploads\/2024\/11\/BusinessMarket_Accueil_Entrepriseavendre_IMA.webp\" \/>\n\t<meta property=\"og:image:width\" content=\"1200\" \/>\n\t<meta property=\"og:image:height\" content=\"900\" \/>\n\t<meta property=\"og:image:type\" content=\"image\/webp\" \/>\n<meta name=\"twitter:card\" content=\"summary_large_image\" \/>\n<meta name=\"twitter:label1\" content=\"Est. reading time\" \/>\n\t<meta name=\"twitter:data1\" content=\"1 minute\" \/>\n<script type=\"application\/ld+json\" class=\"yoast-schema-graph\">{\"@context\":\"https:\\\/\\\/schema.org\",\"@graph\":[{\"@type\":\"WebPage\",\"@id\":\"https:\\\/\\\/www.business-market.ch\\\/de\\\/privatkonto\\\/\",\"url\":\"https:\\\/\\\/www.business-market.ch\\\/de\\\/privatkonto\\\/\",\"name\":\"Acc\u00e9dez \u00e0 votre compte - Espace client Business Market\",\"isPartOf\":{\"@id\":\"https:\\\/\\\/www.business-market.ch\\\/#website\"},\"datePublished\":\"2018-07-06T09:38:50+00:00\",\"dateModified\":\"2024-12-15T10:24:01+00:00\",\"description\":\"G\u00e9rez vos informations personnelles, suivez vos annonces et acc\u00e9dez \u00e0 vos services Business Market depuis votre espace s\u00e9curis\u00e9.\",\"breadcrumb\":{\"@id\":\"https:\\\/\\\/www.business-market.ch\\\/de\\\/privatkonto\\\/#breadcrumb\"},\"inLanguage\":\"en-US\",\"potentialAction\":[{\"@type\":\"ReadAction\",\"target\":[\"https:\\\/\\\/www.business-market.ch\\\/de\\\/privatkonto\\\/\"]}]},{\"@type\":\"BreadcrumbList\",\"@id\":\"https:\\\/\\\/www.business-market.ch\\\/de\\\/privatkonto\\\/#breadcrumb\",\"itemListElement\":[{\"@type\":\"ListItem\",\"position\":1,\"name\":\"Accueil\",\"item\":\"https:\\\/\\\/www.business-market.ch\\\/\"},{\"@type\":\"ListItem\",\"position\":2,\"name\":\"Mon compte\"}]},{\"@type\":\"WebSite\",\"@id\":\"https:\\\/\\\/www.business-market.ch\\\/#website\",\"url\":\"https:\\\/\\\/www.business-market.ch\\\/\",\"name\":\"Business Market\",\"description\":\"Entreprises \u00e0 vendre\",\"publisher\":{\"@id\":\"https:\\\/\\\/www.business-market.ch\\\/#organization\"},\"alternateName\":\"Business Market\",\"potentialAction\":[{\"@type\":\"SearchAction\",\"target\":{\"@type\":\"EntryPoint\",\"urlTemplate\":\"https:\\\/\\\/www.business-market.ch\\\/?s={search_term_string}\"},\"query-input\":{\"@type\":\"PropertyValueSpecification\",\"valueRequired\":true,\"valueName\":\"search_term_string\"}}],\"inLanguage\":\"en-US\"},{\"@type\":\"Organization\",\"@id\":\"https:\\\/\\\/www.business-market.ch\\\/#organization\",\"name\":\"Business Market\",\"alternateName\":\"Business Market\",\"url\":\"https:\\\/\\\/www.business-market.ch\\\/\",\"logo\":{\"@type\":\"ImageObject\",\"inLanguage\":\"en-US\",\"@id\":\"https:\\\/\\\/www.business-market.ch\\\/#\\\/schema\\\/logo\\\/image\\\/\",\"url\":\"https:\\\/\\\/www.business-market.ch\\\/wp-content\\\/uploads\\\/2024\\\/11\\\/BM-Logo_Blanc_Footer_250x75.webp\",\"contentUrl\":\"https:\\\/\\\/www.business-market.ch\\\/wp-content\\\/uploads\\\/2024\\\/11\\\/BM-Logo_Blanc_Footer_250x75.webp\",\"width\":250,\"height\":75,\"caption\":\"Business Market\"},\"image\":{\"@id\":\"https:\\\/\\\/www.business-market.ch\\\/#\\\/schema\\\/logo\\\/image\\\/\"}}]}<\/script>\n<!-- \/ Yoast SEO plugin. -->","yoast_head_json":{"title":"Access your account - Business Market Client Area","description":"Manage your personal information, track your listings, and access your Business Market services from your secure area.","robots":{"index":"index","follow":"follow","max-snippet":"max-snippet:-1","max-image-preview":"max-image-preview:large","max-video-preview":"max-video-preview:-1"},"canonical":"https:\/\/www.business-market.ch\/en\/private-account\/","og_locale":"en_US","og_type":"article","og_title":"Acc\u00e9dez \u00e0 votre compte - Espace client Business Market","og_description":"G\u00e9rez vos informations personnelles, suivez vos annonces et acc\u00e9dez \u00e0 vos services Business Market depuis votre espace s\u00e9curis\u00e9.","og_url":"https:\/\/www.business-market.ch\/en\/private-account\/","og_site_name":"Business Market","article_modified_time":"2024-12-15T10:24:01+00:00","og_image":[{"width":1200,"height":900,"url":"https:\/\/www.business-market.ch\/wp-content\/uploads\/2024\/11\/BusinessMarket_Accueil_Entrepriseavendre_IMA.webp","type":"image\/webp"}],"twitter_card":"summary_large_image","twitter_misc":{"Est. reading time":"1 minute"},"schema":{"@context":"https:\/\/schema.org","@graph":[{"@type":"WebPage","@id":"https:\/\/www.business-market.ch\/de\/privatkonto\/","url":"https:\/\/www.business-market.ch\/de\/privatkonto\/","name":"Access your account - Business Market Client Area","isPartOf":{"@id":"https:\/\/www.business-market.ch\/#website"},"datePublished":"2018-07-06T09:38:50+00:00","dateModified":"2024-12-15T10:24:01+00:00","description":"Manage your personal information, track your listings, and access your Business Market services from your secure area.","breadcrumb":{"@id":"https:\/\/www.business-market.ch\/de\/privatkonto\/#breadcrumb"},"inLanguage":"en-US","potentialAction":[{"@type":"ReadAction","target":["https:\/\/www.business-market.ch\/de\/privatkonto\/"]}]},{"@type":"BreadcrumbList","@id":"https:\/\/www.business-market.ch\/de\/privatkonto\/#breadcrumb","itemListElement":[{"@type":"ListItem","position":1,"name":"Accueil","item":"https:\/\/www.business-market.ch\/"},{"@type":"ListItem","position":2,"name":"Mon compte"}]},{"@type":"WebSite","@id":"https:\/\/www.business-market.ch\/#website","url":"https:\/\/www.business-market.ch\/","name":"Business Market","description":"Businesses for sale","publisher":{"@id":"https:\/\/www.business-market.ch\/#organization"},"alternateName":"Business Market","potentialAction":[{"@type":"SearchAction","target":{"@type":"EntryPoint","urlTemplate":"https:\/\/www.business-market.ch\/?s={search_term_string}"},"query-input":{"@type":"PropertyValueSpecification","valueRequired":true,"valueName":"search_term_string"}}],"inLanguage":"en-US"},{"@type":"Organization","@id":"https:\/\/www.business-market.ch\/#organization","name":"Business Market","alternateName":"Business Market","url":"https:\/\/www.business-market.ch\/","logo":{"@type":"ImageObject","inLanguage":"en-US","@id":"https:\/\/www.business-market.ch\/#\/schema\/logo\/image\/","url":"https:\/\/www.business-market.ch\/wp-content\/uploads\/2024\/11\/BM-Logo_Blanc_Footer_250x75.webp","contentUrl":"https:\/\/www.business-market.ch\/wp-content\/uploads\/2024\/11\/BM-Logo_Blanc_Footer_250x75.webp","width":250,"height":75,"caption":"Business Market"},"image":{"@id":"https:\/\/www.business-market.ch\/#\/schema\/logo\/image\/"}}]}},"_links":{"self":[{"href":"https:\/\/www.business-market.ch\/en\/wp-json\/wp\/v2\/pages\/8","targetHints":{"allow":["GET"]}}],"collection":[{"href":"https:\/\/www.business-market.ch\/en\/wp-json\/wp\/v2\/pages"}],"about":[{"href":"https:\/\/www.business-market.ch\/en\/wp-json\/wp\/v2\/types\/page"}],"author":[{"embeddable":true,"href":"https:\/\/www.business-market.ch\/en\/wp-json\/wp\/v2\/users\/10"}],"replies":[{"embeddable":true,"href":"https:\/\/www.business-market.ch\/en\/wp-json\/wp\/v2\/comments?post=8"}],"version-history":[{"count":0,"href":"https:\/\/www.business-market.ch\/en\/wp-json\/wp\/v2\/pages\/8\/revisions"}],"wp:attachment":[{"href":"https:\/\/www.business-market.ch\/en\/wp-json\/wp\/v2\/media?parent=8"}],"curies":[{"name":"wp","href":"https:\/\/api.w.org\/{rel}","templated":true}]}}