{"id":7,"date":"2018-07-06T09:38:50","date_gmt":"2018-07-06T09:38:50","guid":{"rendered":"https:\/\/www.business-market.ch\/checkout\/"},"modified":"2025-01-27T20:08:43","modified_gmt":"2025-01-27T19:08:43","slug":"checkout","status":"publish","type":"page","link":"https:\/\/www.business-market.ch\/en\/checkout\/","title":{"rendered":"Checkout"},"content":{"rendered":"<div class=\"rtcl\"><div class=\"rtcl rtcl-login-form-wrap\" >\n\t<div class=\"rtcl-message rtcl-error alert alert-danger\" role=\"alert\">\n            <p>Need to login to access this page<\/p>\n    <\/div>\n\t\n\t<div class=\"rtcl-tab rtcl-tab-login\">\n\t\t\t\t<div class=\"rtcl-tab-content\">\n\t\t\t<div id=\"rtcl-email-login\" class=\"rtcl-tab-pane active\">\n\t<form id=\"rtcl-login-form\" class=\"form-horizontal\" method=\"post\" action=\"\">\n\t\t\t\t<div class=\"rtcl-form-group\">\n\t\t\t<label for=\"rtcl-user-login\" class=\"rtcl-field-label\">\n\t\t\t\tUsername or Email\t\t\t\t<strong class=\"rtcl-required\">*<\/strong>\n\t\t\t<\/label>\n\t\t\t<input type=\"text\" name=\"username\" autocomplete=\"username\"\n\t\t\t\t   value=\"\"\n\t\t\t\t   id=\"rtcl-user-login\" class=\"rtcl-form-control\" required>\n\t\t<\/div>\n\n\t\t<div class=\"rtcl-form-group\">\n\t\t\t<label for=\"rtcl-user-pass\" class=\"rtcl-field-label\">\n\t\t\t\tPassword\t\t\t\t<strong class=\"rtcl-required\">*<\/strong>\n\t\t\t<\/label>\n\t\t\t<div class=\"rtcl-user-pass-wrap\">\n\t\t\t\t<input type=\"password\" name=\"password\" id=\"rtcl-user-pass\" autocomplete=\"current-password\"\n\t\t\t\t\t   class=\"rtcl-form-control\" required>\n\t\t\t\t<span class=\"rtcl-toggle-pass rtcl-icon-eye-off\"><\/span>\n\t\t\t<\/div>\n\t\t<\/div>\n\n\t\t\n\t\t<div class=\"rtcl-form-group\">\n\t\t\t<div id=\"rtcl-login-g-recaptcha\"><\/div>\n\t\t\t<div id=\"rtcl-login-g-recaptcha-message\"><\/div>\n\t\t<\/div>\n\n\t\t<div class=\"rtcl-form-group rtcl-login-form-submit-wrap\">\n\n\t\t\t<button type=\"submit\" name=\"rtcl-login\" class=\"rtcl-btn\" value=\"login\">\n\t\t\t\tLogin\t\t\t<\/button>\n\t\t\t<div class=\"rtcl-checkbox-list\">\n\t\t\t\t<label class=\"rtcl-check\" for=\"rtcl-rememberme\">\n\t\t\t\t\t<input type=\"checkbox\" id=\"rtcl-rememberme\" name=\"rememberme\" value=\"forever\">\n\t\t\t\t\t<span class=\"rtcl-check-box\"><\/span>\n\t\t\t\t\t<span class=\"rtcl-check-label\">Remember Me<\/span>\n\t\t\t\t<\/label>\n\t\t\t<\/div>\n\t\t<\/div>\n\t\t<input type=\"hidden\" id=\"rtcl-login-nonce\" name=\"rtcl-login-nonce\" value=\"2b3efd12aa\" \/><input type=\"hidden\" name=\"_wp_http_referer\" value=\"\/en\/wp-json\/wp\/v2\/pages\/7\" \/><input type=\"hidden\" name=\"redirect_to\" value=\"https:\/\/www.business-market.ch\/en\/wp-json\/wp\/v2\/pages\/7\" \/>\t<input type=\"hidden\" name=\"trp-form-language\" value=\"en\"\/><\/form>\n\t\t\t<div class=\"rtcl-form-group-no-margin-bottom\">\n\t\t\t<p class=\"rtcl-forgot-password\">\n\t\t\t\t\t\t\t\t\t<a class=\"register-link\" href=\"https:\/\/www.business-market.ch\/en\/compte-prive\/\">Register<\/a><span>|<\/span>\n\t\t\t\t\t\t\t\t<a href=\"https:\/\/www.business-market.ch\/en\/compte-prive\/mot-de-passe-perdu\/\">Forgot your password?<\/a>\n\n\t\t\t<\/p>\n\t\t<\/div>\n\t\t<\/div>\t\t<\/div>\n\t<\/div>\n<\/div>\n<\/div>","protected":false},"excerpt":{"rendered":"","protected":false},"author":10,"featured_media":0,"parent":0,"menu_order":0,"comment_status":"closed","ping_status":"closed","template":"elementor_theme","meta":{"_rtcl_gb_attr":"","footnotes":""},"class_list":["post-7","page","type-page","status-publish","hentry"],"yoast_head":"<!-- This site is optimized with the Yoast SEO plugin v27.3 - https:\/\/yoast.com\/product\/yoast-seo-wordpress\/ -->\n<title>Page de paiement Business Market - Achat en toute s\u00e9curit\u00e9<\/title>\n<meta name=\"description\" content=\"Compl\u00e9tez votre commande facilement et en toute s\u00e9curit\u00e9 sur notre page de paiement. Profitez d&#039;un processus rapide et s\u00e9curis\u00e9.\" \/>\n<meta name=\"robots\" content=\"index, follow, max-snippet:-1, max-image-preview:large, max-video-preview:-1\" \/>\n<link rel=\"canonical\" href=\"https:\/\/www.business-market.ch\/en\/checkout\/\" \/>\n<meta property=\"og:locale\" content=\"en_US\" \/>\n<meta property=\"og:type\" content=\"article\" \/>\n<meta property=\"og:title\" content=\"Page de paiement Business Market - Achat en toute s\u00e9curit\u00e9\" \/>\n<meta property=\"og:description\" content=\"Compl\u00e9tez votre commande facilement et en toute s\u00e9curit\u00e9 sur notre page de paiement. Profitez d&#039;un processus rapide et s\u00e9curis\u00e9.\" \/>\n<meta property=\"og:url\" content=\"https:\/\/www.business-market.ch\/en\/checkout\/\" \/>\n<meta property=\"og:site_name\" content=\"Business Market\" \/>\n<meta property=\"article:modified_time\" content=\"2025-01-27T19:08:43+00:00\" \/>\n<meta property=\"og:image\" content=\"https:\/\/www.business-market.ch\/wp-content\/uploads\/2024\/11\/BusinessMarket_Accueil_Entrepriseavendre_IMA.webp\" \/>\n\t<meta property=\"og:image:width\" content=\"1200\" \/>\n\t<meta property=\"og:image:height\" content=\"900\" \/>\n\t<meta property=\"og:image:type\" content=\"image\/webp\" \/>\n<meta name=\"twitter:card\" content=\"summary_large_image\" \/>\n<meta name=\"twitter:label1\" content=\"Est. reading time\" \/>\n\t<meta name=\"twitter:data1\" content=\"1 minute\" \/>\n<script type=\"application\/ld+json\" class=\"yoast-schema-graph\">{\"@context\":\"https:\\\/\\\/schema.org\",\"@graph\":[{\"@type\":\"WebPage\",\"@id\":\"https:\\\/\\\/www.business-market.ch\\\/de\\\/checkout\\\/\",\"url\":\"https:\\\/\\\/www.business-market.ch\\\/de\\\/checkout\\\/\",\"name\":\"Page de paiement Business Market - Achat en toute s\u00e9curit\u00e9\",\"isPartOf\":{\"@id\":\"https:\\\/\\\/www.business-market.ch\\\/#website\"},\"datePublished\":\"2018-07-06T09:38:50+00:00\",\"dateModified\":\"2025-01-27T19:08:43+00:00\",\"description\":\"Compl\u00e9tez votre commande facilement et en toute s\u00e9curit\u00e9 sur notre page de paiement. Profitez d'un processus rapide et s\u00e9curis\u00e9.\",\"breadcrumb\":{\"@id\":\"https:\\\/\\\/www.business-market.ch\\\/de\\\/checkout\\\/#breadcrumb\"},\"inLanguage\":\"en-US\",\"potentialAction\":[{\"@type\":\"ReadAction\",\"target\":[\"https:\\\/\\\/www.business-market.ch\\\/de\\\/checkout\\\/\"]}]},{\"@type\":\"BreadcrumbList\",\"@id\":\"https:\\\/\\\/www.business-market.ch\\\/de\\\/checkout\\\/#breadcrumb\",\"itemListElement\":[{\"@type\":\"ListItem\",\"position\":1,\"name\":\"Accueil\",\"item\":\"https:\\\/\\\/www.business-market.ch\\\/\"},{\"@type\":\"ListItem\",\"position\":2,\"name\":\"Checkout\"}]},{\"@type\":\"WebSite\",\"@id\":\"https:\\\/\\\/www.business-market.ch\\\/#website\",\"url\":\"https:\\\/\\\/www.business-market.ch\\\/\",\"name\":\"Business Market\",\"description\":\"Entreprises \u00e0 vendre\",\"publisher\":{\"@id\":\"https:\\\/\\\/www.business-market.ch\\\/#organization\"},\"alternateName\":\"Business Market\",\"potentialAction\":[{\"@type\":\"SearchAction\",\"target\":{\"@type\":\"EntryPoint\",\"urlTemplate\":\"https:\\\/\\\/www.business-market.ch\\\/?s={search_term_string}\"},\"query-input\":{\"@type\":\"PropertyValueSpecification\",\"valueRequired\":true,\"valueName\":\"search_term_string\"}}],\"inLanguage\":\"en-US\"},{\"@type\":\"Organization\",\"@id\":\"https:\\\/\\\/www.business-market.ch\\\/#organization\",\"name\":\"Business Market\",\"alternateName\":\"Business Market\",\"url\":\"https:\\\/\\\/www.business-market.ch\\\/\",\"logo\":{\"@type\":\"ImageObject\",\"inLanguage\":\"en-US\",\"@id\":\"https:\\\/\\\/www.business-market.ch\\\/#\\\/schema\\\/logo\\\/image\\\/\",\"url\":\"https:\\\/\\\/www.business-market.ch\\\/wp-content\\\/uploads\\\/2024\\\/11\\\/BM-Logo_Blanc_Footer_250x75.webp\",\"contentUrl\":\"https:\\\/\\\/www.business-market.ch\\\/wp-content\\\/uploads\\\/2024\\\/11\\\/BM-Logo_Blanc_Footer_250x75.webp\",\"width\":250,\"height\":75,\"caption\":\"Business Market\"},\"image\":{\"@id\":\"https:\\\/\\\/www.business-market.ch\\\/#\\\/schema\\\/logo\\\/image\\\/\"}}]}<\/script>\n<!-- \/ Yoast SEO plugin. -->","yoast_head_json":{"title":"Business Market Payment Page - Secure Purchase","description":"Complete your order easily and securely on our payment page. Enjoy a fast and secure process.","robots":{"index":"index","follow":"follow","max-snippet":"max-snippet:-1","max-image-preview":"max-image-preview:large","max-video-preview":"max-video-preview:-1"},"canonical":"https:\/\/www.business-market.ch\/en\/checkout\/","og_locale":"en_US","og_type":"article","og_title":"Page de paiement Business Market - Achat en toute s\u00e9curit\u00e9","og_description":"Compl\u00e9tez votre commande facilement et en toute s\u00e9curit\u00e9 sur notre page de paiement. Profitez d'un processus rapide et s\u00e9curis\u00e9.","og_url":"https:\/\/www.business-market.ch\/en\/checkout\/","og_site_name":"Business Market","article_modified_time":"2025-01-27T19:08:43+00:00","og_image":[{"width":1200,"height":900,"url":"https:\/\/www.business-market.ch\/wp-content\/uploads\/2024\/11\/BusinessMarket_Accueil_Entrepriseavendre_IMA.webp","type":"image\/webp"}],"twitter_card":"summary_large_image","twitter_misc":{"Est. reading time":"1 minute"},"schema":{"@context":"https:\/\/schema.org","@graph":[{"@type":"WebPage","@id":"https:\/\/www.business-market.ch\/de\/checkout\/","url":"https:\/\/www.business-market.ch\/de\/checkout\/","name":"Business Market Payment Page - Secure Purchase","isPartOf":{"@id":"https:\/\/www.business-market.ch\/#website"},"datePublished":"2018-07-06T09:38:50+00:00","dateModified":"2025-01-27T19:08:43+00:00","description":"Complete your order easily and securely on our payment page. Enjoy a fast and secure process.","breadcrumb":{"@id":"https:\/\/www.business-market.ch\/de\/checkout\/#breadcrumb"},"inLanguage":"en-US","potentialAction":[{"@type":"ReadAction","target":["https:\/\/www.business-market.ch\/de\/checkout\/"]}]},{"@type":"BreadcrumbList","@id":"https:\/\/www.business-market.ch\/de\/checkout\/#breadcrumb","itemListElement":[{"@type":"ListItem","position":1,"name":"Accueil","item":"https:\/\/www.business-market.ch\/"},{"@type":"ListItem","position":2,"name":"Checkout"}]},{"@type":"WebSite","@id":"https:\/\/www.business-market.ch\/#website","url":"https:\/\/www.business-market.ch\/","name":"Business Market","description":"Businesses for sale","publisher":{"@id":"https:\/\/www.business-market.ch\/#organization"},"alternateName":"Business Market","potentialAction":[{"@type":"SearchAction","target":{"@type":"EntryPoint","urlTemplate":"https:\/\/www.business-market.ch\/?s={search_term_string}"},"query-input":{"@type":"PropertyValueSpecification","valueRequired":true,"valueName":"search_term_string"}}],"inLanguage":"en-US"},{"@type":"Organization","@id":"https:\/\/www.business-market.ch\/#organization","name":"Business Market","alternateName":"Business Market","url":"https:\/\/www.business-market.ch\/","logo":{"@type":"ImageObject","inLanguage":"en-US","@id":"https:\/\/www.business-market.ch\/#\/schema\/logo\/image\/","url":"https:\/\/www.business-market.ch\/wp-content\/uploads\/2024\/11\/BM-Logo_Blanc_Footer_250x75.webp","contentUrl":"https:\/\/www.business-market.ch\/wp-content\/uploads\/2024\/11\/BM-Logo_Blanc_Footer_250x75.webp","width":250,"height":75,"caption":"Business Market"},"image":{"@id":"https:\/\/www.business-market.ch\/#\/schema\/logo\/image\/"}}]}},"_links":{"self":[{"href":"https:\/\/www.business-market.ch\/en\/wp-json\/wp\/v2\/pages\/7","targetHints":{"allow":["GET"]}}],"collection":[{"href":"https:\/\/www.business-market.ch\/en\/wp-json\/wp\/v2\/pages"}],"about":[{"href":"https:\/\/www.business-market.ch\/en\/wp-json\/wp\/v2\/types\/page"}],"author":[{"embeddable":true,"href":"https:\/\/www.business-market.ch\/en\/wp-json\/wp\/v2\/users\/10"}],"replies":[{"embeddable":true,"href":"https:\/\/www.business-market.ch\/en\/wp-json\/wp\/v2\/comments?post=7"}],"version-history":[{"count":0,"href":"https:\/\/www.business-market.ch\/en\/wp-json\/wp\/v2\/pages\/7\/revisions"}],"wp:attachment":[{"href":"https:\/\/www.business-market.ch\/en\/wp-json\/wp\/v2\/media?parent=7"}],"curies":[{"name":"wp","href":"https:\/\/api.w.org\/{rel}","templated":true}]}}